{"id":189,"date":"2017-01-03T05:36:18","date_gmt":"2017-01-03T05:36:18","guid":{"rendered":"https:\/\/raratheme.com\/preview\/construction-landing-page\/?page_id=189"},"modified":"2021-02-24T12:32:32","modified_gmt":"2021-02-24T11:32:32","slug":"our-projects","status":"publish","type":"page","link":"https:\/\/www.artisans.lcinfoserv.fr\/index.php\/our-projects\/","title":{"rendered":"Nos r\u00e9alisations"},"content":{"rendered":"<header class=\"header\">Retrouvez nos diff\u00e9rentes r\u00e9alisations par th\u00e8me. Il est possible d&rsquo;afficher jusqu&rsquo;\u00e0 6 sections de r\u00e9alisations<\/header>\n\n\n<p><\/p>\n","protected":false},"excerpt":{"rendered":"<p>Retrouvez nos diff\u00e9rentes r\u00e9alisations par th\u00e8me. Il est possible d&rsquo;afficher jusqu&rsquo;\u00e0 6 sections de r\u00e9alisations<\/p>\n","protected":false},"author":1,"featured_media":0,"parent":0,"menu_order":0,"comment_status":"closed","ping_status":"closed","template":"","meta":[],"_links":{"self":[{"href":"https:\/\/www.artisans.lcinfoserv.fr\/index.php\/wp-json\/wp\/v2\/pages\/189"}],"collection":[{"href":"https:\/\/www.artisans.lcinfoserv.fr\/index.php\/wp-json\/wp\/v2\/pages"}],"about":[{"href":"https:\/\/www.artisans.lcinfoserv.fr\/index.php\/wp-json\/wp\/v2\/types\/page"}],"author":[{"embeddable":true,"href":"https:\/\/www.artisans.lcinfoserv.fr\/index.php\/wp-json\/wp\/v2\/users\/1"}],"replies":[{"embeddable":true,"href":"https:\/\/www.artisans.lcinfoserv.fr\/index.php\/wp-json\/wp\/v2\/comments?post=189"}],"version-history":[{"count":3,"href":"https:\/\/www.artisans.lcinfoserv.fr\/index.php\/wp-json\/wp\/v2\/pages\/189\/revisions"}],"predecessor-version":[{"id":270,"href":"https:\/\/www.artisans.lcinfoserv.fr\/index.php\/wp-json\/wp\/v2\/pages\/189\/revisions\/270"}],"wp:attachment":[{"href":"https:\/\/www.artisans.lcinfoserv.fr\/index.php\/wp-json\/wp\/v2\/media?parent=189"}],"curies":[{"name":"wp","href":"https:\/\/api.w.org\/{rel}","templated":true}]}}